{"id":1497,"date":"2025-06-10T13:55:32","date_gmt":"2025-06-10T16:55:32","guid":{"rendered":"https:\/\/villabebeoficial.com.br\/?page_id=1497"},"modified":"2025-06-10T14:00:50","modified_gmt":"2025-06-10T17:00:50","slug":"quem-somos-2","status":"publish","type":"page","link":"https:\/\/villabebeoficial.com.br\/?page_id=1497","title":{"rendered":"Quem Somos"},"content":{"rendered":"\t\t<div data-elementor-type=\"wp-page\" data-elementor-id=\"1497\" class=\"elementor elementor-1497\">\n\t\t\t\t\t\t<div class=\"elementor-inner\">\n\t\t\t\t<div class=\"elementor-section-wrap\">\n\t\t\t\t\t\t\t\t\t<section class=\"elementor-section elementor-top-section elementor-element elementor-element-2e1c1e6 elementor-section-boxed elementor-section-height-default elementor-section-height-default\" data-id=\"2e1c1e6\" data-element_type=\"section\">\n\t\t\t\t\t\t<div class=\"elementor-container elementor-column-gap-default\">\n\t\t\t\t\t\t\t<div class=\"elementor-row\">\n\t\t\t\t\t<div class=\"elementor-column elementor-col-100 elementor-top-column elementor-element elementor-element-d6b01d4\" data-id=\"d6b01d4\" data-element_type=\"column\">\n\t\t\t<div class=\"elementor-column-wrap elementor-element-populated\">\n\t\t\t\t\t\t\t<div class=\"elementor-widget-wrap\">\n\t\t\t\t\t\t<div class=\"elementor-element elementor-element-64f1496 elementor-widget elementor-widget-heading\" data-id=\"64f1496\" data-element_type=\"widget\" data-widget_type=\"heading.default\">\n\t\t\t\t<div class=\"elementor-widget-container\">\n\t\t\t<h2 class=\"elementor-heading-title elementor-size-default\">Quem Somos<\/h2>\t\t<\/div>\n\t\t\t\t<\/div>\n\t\t\t\t\t\t<\/div>\n\t\t\t\t\t<\/div>\n\t\t<\/div>\n\t\t\t\t\t\t\t\t<\/div>\n\t\t\t\t\t<\/div>\n\t\t<\/section>\n\t\t\t\t<section class=\"elementor-section elementor-top-section elementor-element elementor-element-dda60e4 elementor-section-boxed elementor-section-height-default elementor-section-height-default\" data-id=\"dda60e4\" data-element_type=\"section\">\n\t\t\t\t\t\t<div class=\"elementor-container elementor-column-gap-default\">\n\t\t\t\t\t\t\t<div class=\"elementor-row\">\n\t\t\t\t\t<div class=\"elementor-column elementor-col-50 elementor-top-column elementor-element elementor-element-788c489\" data-id=\"788c489\" data-element_type=\"column\">\n\t\t\t<div class=\"elementor-column-wrap elementor-element-populated\">\n\t\t\t\t\t\t\t<div class=\"elementor-widget-wrap\">\n\t\t\t\t\t\t<div class=\"elementor-element elementor-element-6b7ea25 elementor-widget elementor-widget-text-editor\" data-id=\"6b7ea25\" data-element_type=\"widget\" data-widget_type=\"text-editor.default\">\n\t\t\t\t<div class=\"elementor-widget-container\">\n\t\t\t\t\t\t\t\t<div class=\"elementor-text-editor elementor-clearfix\">\n\t\t\t\t<p>Na Villa Beb\u00ea, cada detalhe \u00e9 pensado com amor, cuidado e muita curadoria. Aqui, reunimos as melhores marcas, os tecidos mais nobres e os acabamentos mais sofisticados para oferecer conforto, seguran\u00e7a e bem-estar aos pequenos, do rec\u00e9m-nascido aos 6 anos de idade.<\/p><p>A hist\u00f3ria come\u00e7ou em 2006, quando as irm\u00e3s Patr\u00edcia e Paula Zanata decidiram unir suas paix\u00f5es e experi\u00eancias. Patricia, que sempre atuou no universo do varejo de luxo, \u00e9 apaixonada por moda, styling e tend\u00eancias. Paula, modelo internacional desde os 12 anos de idade, trouxe sua bagagem de viagens e viv\u00eancias pelo mundo, sempre atenta ao que h\u00e1 de mais elegante, inovador e atemporal.<\/p><p>Juntas, transformaram a Villa Beb\u00ea em um verdadeiro ref\u00fagio da sofistica\u00e7\u00e3o para as m\u00e3es que buscam qualidade, bom gosto e um atendimento personalizado e acolhedor. Aqui, voc\u00ea encontra desde pe\u00e7as cl\u00e1ssicas at\u00e9 as mais modernas, sempre com um olhar apurado para o design, o conforto e a exclusividade.<\/p><p>Venha viver essa experi\u00eancia com a gente. Nossa equipe est\u00e1 pronta para te receber com todo o cuidado e o afeto que voc\u00ea merece. Isso \u00e9 Villa Beb\u00ea, essa \u00e9 a nossa assinatura.<\/p>\t\t\t\t\t<\/div>\n\t\t\t\t\t\t<\/div>\n\t\t\t\t<\/div>\n\t\t\t\t\t\t<\/div>\n\t\t\t\t\t<\/div>\n\t\t<\/div>\n\t\t\t\t<div class=\"elementor-column elementor-col-50 elementor-top-column elementor-element elementor-element-9e82668\" data-id=\"9e82668\" data-element_type=\"column\">\n\t\t\t<div class=\"elementor-column-wrap elementor-element-populated\">\n\t\t\t\t\t\t\t<div class=\"elementor-widget-wrap\">\n\t\t\t\t\t\t<div class=\"elementor-element elementor-element-939aa38 elementor-widget__width-initial elementor-widget elementor-widget-image\" data-id=\"939aa38\" data-element_type=\"widget\" data-widget_type=\"image.default\">\n\t\t\t\t<div class=\"elementor-widget-container\">\n\t\t\t\t\t\t\t\t<div class=\"elementor-image\">\n\t\t\t\t\t\t\t\t\t\t\t\t<img decoding=\"async\" width=\"240\" height=\"300\" src=\"https:\/\/villabebeoficial.com.br\/wp-content\/uploads\/2025\/06\/Design-sem-nome-2-240x300.png\" class=\"attachment-medium size-medium wp-image-1504\" alt=\"\" loading=\"lazy\" srcset=\"https:\/\/villabebeoficial.com.br\/wp-content\/uploads\/2025\/06\/Design-sem-nome-2-240x300.png 240w, https:\/\/villabebeoficial.com.br\/wp-content\/uploads\/2025\/06\/Design-sem-nome-2-819x1024.png 819w, https:\/\/villabebeoficial.com.br\/wp-content\/uploads\/2025\/06\/Design-sem-nome-2-768x960.png 768w, https:\/\/villabebeoficial.com.br\/wp-content\/uploads\/2025\/06\/Design-sem-nome-2-1229x1536.png 1229w, https:\/\/villabebeoficial.com.br\/wp-content\/uploads\/2025\/06\/Design-sem-nome-2-1638x2048.png 1638w, https:\/\/villabebeoficial.com.br\/wp-content\/uploads\/2025\/06\/Design-sem-nome-2-1320x1650.png 1320w, https:\/\/villabebeoficial.com.br\/wp-content\/uploads\/2025\/06\/Design-sem-nome-2-454x568.png 454w\" sizes=\"(max-width: 240px) 100vw, 240px\" \/>\t\t\t\t\t\t\t\t\t\t\t\t\t\t<\/div>\n\t\t\t\t\t\t<\/div>\n\t\t\t\t<\/div>\n\t\t\t\t\t\t<\/div>\n\t\t\t\t\t<\/div>\n\t\t<\/div>\n\t\t\t\t\t\t\t\t<\/div>\n\t\t\t\t\t<\/div>\n\t\t<\/section>\n\t\t\t\t\t\t\t\t\t<\/div>\n\t\t\t<\/div>\n\t\t\t\t\t<\/div>\n\t\t","protected":false},"excerpt":{"rendered":"<p>Quem Somos Na Villa Beb\u00ea, cada detalhe \u00e9 pensado com amor, cuidado e muita curadoria. Aqui, reunimos as melhores marcas, os tecidos mais nobres e os acabamentos mais sofisticados para oferecer conforto, seguran\u00e7a e bem-estar aos pequenos, do rec\u00e9m-nascido aos 6 anos de idade. A hist\u00f3ria come\u00e7ou em 2006, quando as irm\u00e3s Patr\u00edcia e Paula &hellip;<\/p>\n<p class=\"read-more\"> <a class=\"\" href=\"https:\/\/villabebeoficial.com.br\/?page_id=1497\"> <span class=\"screen-reader-text\">Quem Somos<\/span> Leia mais &raquo;<\/a><\/p>\n","protected":false},"author":1,"featured_media":0,"parent":0,"menu_order":0,"comment_status":"closed","ping_status":"closed","template":"","meta":{"_uag_custom_page_level_css":"","site-sidebar-layout":"no-sidebar","site-content-layout":"page-builder","ast-global-header-display":"","ast-banner-title-visibility":"","ast-main-header-display":"","ast-hfb-above-header-display":"","ast-hfb-below-header-display":"","ast-hfb-mobile-header-display":"","site-post-title":"disabled","ast-breadcrumbs-content":"","ast-featured-img":"disabled","footer-sml-layout":"","theme-transparent-header-meta":"","adv-header-id-meta":"","stick-header-meta":"","header-above-stick-meta":"","header-main-stick-meta":"","header-below-stick-meta":""},"uagb_featured_image_src":{"full":false,"thumbnail":false,"medium":false,"medium_large":false,"large":false,"1536x1536":false,"2048x2048":false,"mailpoet_newsletter_max":false,"woocommerce_thumbnail":false,"woocommerce_single":false,"woocommerce_gallery_thumbnail":false},"uagb_author_info":{"display_name":"villabebeoficial.com.br","author_link":"https:\/\/villabebeoficial.com.br\/?author=1"},"uagb_comment_info":0,"uagb_excerpt":"Quem Somos Na Villa Beb\u00ea, cada detalhe \u00e9 pensado com amor, cuidado e muita curadoria. Aqui, reunimos as melhores marcas, os tecidos mais nobres e os acabamentos mais sofisticados para oferecer conforto, seguran\u00e7a e bem-estar aos pequenos, do rec\u00e9m-nascido aos 6 anos de idade. A hist\u00f3ria come\u00e7ou em 2006, quando as irm\u00e3s Patr\u00edcia e Paula&hellip;","_links":{"self":[{"href":"https:\/\/villabebeoficial.com.br\/index.php?rest_route=\/wp\/v2\/pages\/1497"}],"collection":[{"href":"https:\/\/villabebeoficial.com.br\/index.php?rest_route=\/wp\/v2\/pages"}],"about":[{"href":"https:\/\/villabebeoficial.com.br\/index.php?rest_route=\/wp\/v2\/types\/page"}],"author":[{"embeddable":true,"href":"https:\/\/villabebeoficial.com.br\/index.php?rest_route=\/wp\/v2\/users\/1"}],"replies":[{"embeddable":true,"href":"https:\/\/villabebeoficial.com.br\/index.php?rest_route=%2Fwp%2Fv2%2Fcomments&post=1497"}],"version-history":[{"count":7,"href":"https:\/\/villabebeoficial.com.br\/index.php?rest_route=\/wp\/v2\/pages\/1497\/revisions"}],"predecessor-version":[{"id":1507,"href":"https:\/\/villabebeoficial.com.br\/index.php?rest_route=\/wp\/v2\/pages\/1497\/revisions\/1507"}],"wp:attachment":[{"href":"https:\/\/villabebeoficial.com.br\/index.php?rest_route=%2Fwp%2Fv2%2Fmedia&parent=1497"}],"curies":[{"name":"wp","href":"https:\/\/api.w.org\/{rel}","templated":true}]}}